{"id":2706,"date":"2019-09-05T15:49:58","date_gmt":"2019-09-05T14:49:58","guid":{"rendered":"http:\/\/www.neve.at\/loek\/?page_id=2706"},"modified":"2020-05-27T21:03:22","modified_gmt":"2020-05-27T20:03:22","slug":"meine-anliegen","status":"publish","type":"page","link":"https:\/\/neve.at\/loek\/meine-anliegen\/","title":{"rendered":"Meine Anliegen"},"content":{"rendered":"<p>[et_pb_section fb_built=&#8220;1&#8243; _builder_version=&#8220;4.3.2&#8243; custom_padding=&#8220;0px||0px||true|false&#8220;][et_pb_row _builder_version=&#8220;3.25&#8243;][et_pb_column type=&#8220;4_4&#8243; _builder_version=&#8220;3.25&#8243; custom_padding=&#8220;|||&#8220; custom_padding__hover=&#8220;|||&#8220;][et_pb_text admin_label=&#8220;Text L\u00e4nder&#8220; _builder_version=&#8220;3.27.4&#8243; background_size=&#8220;initial&#8220; background_position=&#8220;top_left&#8220; background_repeat=&#8220;repeat&#8220;]<\/p>\n<h3 style=\"text-align: center;\">Energie &#8211; Wirtschaft &#8211; Umwelt &#8211; Klima &#8211; Migration<\/h3>\n<p>&nbsp;<\/p>\n<p align=\"LEFT\">Bei allen Diskussionen \u00fcber Wirtschaftskrise, Energiekrise, Klimawandel oder Migration wird von Politiker, Wissenschaftler und \u00d6konomen fast immer (bewusst?) ignoriert, dass diese Bereiche durch positive und negative R\u00fcckkopplungen untrennbar miteinander verbunden sind. Mehr Wirtschaftswachstum braucht zwangsl\u00e4ufig mehr Energie, wodurch Umwelt- und Klimabelastung zunehmen. Aber, bei vielen Ressourcen (mit Name \u00d6l) ist das F\u00f6rdermaximum erreicht oder bereits \u00fcberschritten und steigen die F\u00f6rderkosten exponentiell. Die sprudelnde, billige, fossile Energiequelle \u2013 Lebensader unserer hochtechnologischen Gesellschaft \u2013 versickert und l\u00e4sst sich von erneuerbaren Energien nur bruchteilm\u00e4\u00dfig ersetzen. Ein erneutes und sehns\u00fcchtig erhofftes Wirtschaftswachstum auf fr\u00fcherem Niveau ist daher nicht mehr m\u00f6glich. Zur Aufrechterhaltung unserer auf Zinsen und daher auf Schulden basierten neoliberalen Kapitalwirtschaft w\u00e4re dies jedoch eine absolute Notwendigkeit.<\/p>\n<p align=\"LEFT\">Es handelt sich hierbei nicht um ein Problem (Probleme sind l\u00f6sbar), so wie die meisten sogenannten Experten uns glauben lassen wollen. Im Gegenteil, wir sind mit einem klaren Dilemma konfrontiert. Wir sind gezwungen, zwischen zwei gleicherma\u00dfen unangenehmen Dingen zu entscheiden:<\/p>\n<blockquote>\n<p>Entweder handeln wir jetzt bewusst und schrauben (schmerzhaft) deutlich zur\u00fcck, um den Schaden \u2013 so weit es noch geht \u2013 zu beschr\u00e4nken, oder wir machen weiter wie gehabt (BAU) und warten vergebens auf das technologische Energiewunder (Deus ex Machina). Im letzteren Fall gehen die dritte Welt und die Zukunft unserer Kinder bzw. Enkelkinder unweigerlich zu Grunde an unserer heutigen Gier nach immer mehr.<\/span><\/span><\/span><\/p>\n<\/blockquote>\n<p>&nbsp;<\/p>\n<p>[\/et_pb_text][\/et_pb_column][\/et_pb_row][et_pb_row column_structure=&#8220;1_2,1_2&#8243; _builder_version=&#8220;4.3.2&#8243;][et_pb_column type=&#8220;1_2&#8243; _builder_version=&#8220;4.3.2&#8243;][et_pb_text _builder_version=&#8220;4.4.7&#8243; height=&#8220;550px&#8220; custom_padding=&#8220;10px|10px|10px|10px|true|true&#8220; animation_style=&#8220;fade&#8220; link_option_url=&#8220;\/loek\/?page_id=2751&#8243; hover_enabled=&#8220;0&#8243; border_radii=&#8220;on|10px|10px|10px|10px&#8220; border_width_all=&#8220;1px&#8220; border_color_all=&#8220;#dddddd&#8220; background__hover_enabled=&#8220;on|hover&#8220; background_color__hover=&#8220;#dddddd&#8220; background_enable_color__hover=&#8220;on&#8220; content__hover_enabled=&#8220;on|hover&#8220; content__hover=&#8220;<\/p>\n<p><img src=%22http:\/\/www.neve.at\/loek\/wp-content\/uploads\/2014\/12\/Deep-Horizon-16-9.jpg%22 width=%221920%22 height=%221080%22 alt=%22%22 class=%22wp-image-1151 alignnone size-full%22 \/><\/p>\n<h4><strong>The Party Is Over<\/strong><\/h4>\n<p>Immer tiefer, immer komplizierter und immer umweltzerst\u00f6render; Wir sind voll im Gange die Ressourcen dieser einen Erde zu vernichten, damit unsere kapitalistische Wirtschaft f\u00fcr nur einen Teil der Menschheit andauernd wachsen kann, mit dem Motto: %22nach uns die Sintflut%22&#8230;..<\/p>\n<p>&#8220; border_radii__hover_enabled=&#8220;on|hover&#8220; border_radii__hover=&#8220;on||||&#8220; border_width_all__hover_enabled=&#8220;on|hover&#8220; border_width_all__hover=&#8220;10px&#8220;]<\/p>\n<p style=\"text-align: center;\"><img loading=\"lazy\" decoding=\"async\" src=\"https:\/\/neve.at\/loek\/wp-content\/uploads\/2014\/12\/Deep-Horizon-16-9.jpg\" width=\"1920\" height=\"1080\" alt=\"\" class=\"wp-image-1151 alignnone size-full\" srcset=\"https:\/\/neve.at\/loek\/wp-content\/uploads\/2014\/12\/Deep-Horizon-16-9.jpg 1920w, https:\/\/neve.at\/loek\/wp-content\/uploads\/2014\/12\/Deep-Horizon-16-9-300x168.jpg 300w, https:\/\/neve.at\/loek\/wp-content\/uploads\/2014\/12\/Deep-Horizon-16-9-1080x607.jpg 1080w\" sizes=\"(max-width: 1920px) 100vw, 1920px\" \/><\/p>\n<h4 style=\"text-align: center;\"><strong>The Party Is Over<\/strong><\/h4>\n<p>Immer tiefer, immer komplizierter und immer umweltzerst\u00f6render; Wir sind voll im Gange die Ressourcen dieser einen Erde zu vernichten, damit unsere kapitalistische Wirtschaft f\u00fcr nur einen Teil der Menschheit andauernd wachsen kann, mit dem Motto: &#8222;nach uns die Sintflut&#8220;&#8230;..<\/p>\n<p>[\/et_pb_text][\/et_pb_column][et_pb_column type=&#8220;1_2&#8243; _builder_version=&#8220;4.3.2&#8243;][et_pb_text _builder_version=&#8220;4.4.7&#8243; height=&#8220;550px&#8220; custom_padding=&#8220;10px|10px|10px|10px|true|true&#8220; animation_style=&#8220;fade&#8220; link_option_url=&#8220;\/loek\/?page_id=2799&#8243; hover_enabled=&#8220;0&#8243; border_radii=&#8220;on|10px|10px|10px|10px&#8220; border_width_all=&#8220;1px&#8220; border_color_all=&#8220;#dddddd&#8220; background__hover_enabled=&#8220;on|hover&#8220; background_color__hover=&#8220;#dddddd&#8220; background_enable_color__hover=&#8220;on&#8220; border_radii__hover_enabled=&#8220;on|hover&#8220; border_width_all__hover_enabled=&#8220;on|hover&#8220; border_width_all__hover=&#8220;10px&#8220;]<\/p>\n<h4 style=\"text-align: left;\"><img loading=\"lazy\" decoding=\"async\" src=\"https:\/\/neve.at\/loek\/wp-content\/uploads\/2019\/09\/fracking-water-pollution-areal-e1581957326214.jpg\" width=\"1600\" height=\"900\" alt=\"\" class=\"wp-image-2720 alignnone size-full\" srcset=\"https:\/\/neve.at\/loek\/wp-content\/uploads\/2019\/09\/fracking-water-pollution-areal-e1581957326214.jpg 1600w, https:\/\/neve.at\/loek\/wp-content\/uploads\/2019\/09\/fracking-water-pollution-areal-e1581957326214-1280x720.jpg 1280w, https:\/\/neve.at\/loek\/wp-content\/uploads\/2019\/09\/fracking-water-pollution-areal-e1581957326214-980x551.jpg 980w, https:\/\/neve.at\/loek\/wp-content\/uploads\/2019\/09\/fracking-water-pollution-areal-e1581957326214-480x270.jpg 480w\" sizes=\"(min-width: 0px) and (max-width: 480px) 480px, (min-width: 481px) and (max-width: 980px) 980px, (min-width: 981px) and (max-width: 1280px) 1280px, (min-width: 1281px) 1600px, 100vw\" \/><\/h4>\n<h4 style=\"text-align: center;\"><\/h4>\n<h4 style=\"text-align: center;\"><strong>Fracking \u2013 der letzte Wahnsinn<\/strong><\/h4>\n<p>\u201eFracking\u201c oder \u201eHydraulic Fracturising\u201c ist nichts anderes als das Aufblasen von unterirdischen Gesteinsformationen und das anschlie\u00dfende Hineinpumpen von gro\u00dfen Mengen Wasser und Sand, vermischt mit aggressiven und meist hochgiftigen Chemikalien&#8230;..<\/p>\n<p>[\/et_pb_text][\/et_pb_column][\/et_pb_row][et_pb_row column_structure=&#8220;1_2,1_2&#8243; _builder_version=&#8220;4.3.2&#8243;][et_pb_column type=&#8220;1_2&#8243; _builder_version=&#8220;4.3.2&#8243;][et_pb_text _builder_version=&#8220;4.4.7&#8243; height=&#8220;550px&#8220; custom_padding=&#8220;10px|10px|10px|10px|true|true&#8220; animation_style=&#8220;fade&#8220; hover_enabled=&#8220;0&#8243; border_radii=&#8220;on|10px|10px|10px|10px&#8220; border_width_all=&#8220;1px&#8220; border_color_all=&#8220;#dddddd&#8220; background__hover_enabled=&#8220;on|hover&#8220; background_color__hover=&#8220;#dddddd&#8220; background_enable_color__hover=&#8220;on&#8220; content__hover_enabled=&#8220;on|hover&#8220; content__hover=&#8220;<\/p>\n<p><img src=%22http:\/\/www.neve.at\/loek\/wp-content\/uploads\/2019\/09\/G2-adds-8-1-1024x680-2.jpg%22 width=%221024%22 height=%22575%22 alt=%22%22 class=%22wp-image-2724 alignnone size-full%22 \/><\/p>\n<h4><strong>\u00d6lsand &#8211; teueres W\u00fchlen im Dreck<\/strong><\/h4>\n<p>Immer tiefer, immer komplizierter und immer umweltzerst\u00f6render; B\u00e4ume werden abgeholtz, Fl\u00fc\u00dfe verseucht, native Einwohner vertrieben um das teuerste \u00d6lgemisch zu verarbeiten und zu vermarkten. Ein verlustreiches Unterfangen bei niedrigeren \u00d6lpreisen&#8230;..<\/p>\n<p>&#8220; border_radii__hover_enabled=&#8220;on|hover&#8220; border_radii__hover=&#8220;on||||&#8220; border_width_all__hover_enabled=&#8220;on|hover&#8220; border_width_all__hover=&#8220;10px&#8220;]<\/p>\n<p style=\"text-align: center;\"><img loading=\"lazy\" decoding=\"async\" src=\"https:\/\/neve.at\/loek\/wp-content\/uploads\/2019\/09\/G2-adds-8-1-1024x680-2.jpg\" width=\"1024\" height=\"575\" alt=\"\" class=\"wp-image-2724 alignnone size-full\" srcset=\"https:\/\/neve.at\/loek\/wp-content\/uploads\/2019\/09\/G2-adds-8-1-1024x680-2.jpg 1024w, https:\/\/neve.at\/loek\/wp-content\/uploads\/2019\/09\/G2-adds-8-1-1024x680-2-300x168.jpg 300w, https:\/\/neve.at\/loek\/wp-content\/uploads\/2019\/09\/G2-adds-8-1-1024x680-2-768x431.jpg 768w\" sizes=\"(max-width: 1024px) 100vw, 1024px\" \/><\/p>\n<h4 style=\"text-align: center;\"><strong>\u00d6lsand &#8211; teueres W\u00fchlen im Dreck<\/strong><\/h4>\n<p>Immer tiefer, immer komplizierter und immer umweltzerst\u00f6render; B\u00e4ume werden abgeholtz, Fl\u00fc\u00dfe verseucht, native Einwohner vertrieben um das teuerste \u00d6lgemisch zu verarbeiten und zu vermarkten. Ein verlustreiches Unterfangen bei niedrigeren \u00d6lpreisen&#8230;..<\/p>\n<p>[\/et_pb_text][\/et_pb_column][et_pb_column type=&#8220;1_2&#8243; _builder_version=&#8220;4.3.2&#8243;][et_pb_text _builder_version=&#8220;4.4.7&#8243; height=&#8220;550px&#8220; custom_padding=&#8220;10px|10px|10px|10px|true|true&#8220; animation_style=&#8220;fade&#8220; hover_enabled=&#8220;0&#8243; border_radii=&#8220;on|10px|10px|10px|10px&#8220; border_width_all=&#8220;1px&#8220; border_color_all=&#8220;#dddddd&#8220; background__hover_enabled=&#8220;on|hover&#8220; background_color__hover=&#8220;#dddddd&#8220; background_enable_color__hover=&#8220;on&#8220; border_radii__hover_enabled=&#8220;on|hover&#8220; border_width_all__hover_enabled=&#8220;on|hover&#8220; border_width_all__hover=&#8220;10px&#8220;]<\/p>\n<h4 style=\"text-align: left;\"><img loading=\"lazy\" decoding=\"async\" src=\"https:\/\/neve.at\/loek\/wp-content\/uploads\/2019\/09\/fukushima-2-1024x670-2.jpg\" width=\"1023\" height=\"576\" alt=\"\" class=\"wp-image-2738 alignnone size-full\" srcset=\"https:\/\/neve.at\/loek\/wp-content\/uploads\/2019\/09\/fukushima-2-1024x670-2.jpg 1023w, https:\/\/neve.at\/loek\/wp-content\/uploads\/2019\/09\/fukushima-2-1024x670-2-300x169.jpg 300w, https:\/\/neve.at\/loek\/wp-content\/uploads\/2019\/09\/fukushima-2-1024x670-2-768x432.jpg 768w\" sizes=\"(max-width: 1023px) 100vw, 1023px\" \/><\/h4>\n<p style=\"text-align: center;\">\u00a0<strong style=\"color: #333333; font-size: 18px;\">Atomkraft &#8211; ausgelagerte Folgekosten<\/strong><\/p>\n<p>Immer teurer werdende Baukosten und die ausgelagerten Dekonta-minierungskosten am Lebensende machen Atomkraftwerke im Grunde genommen zum teuersten Stromlieferanten im gesamten Strommix&#8230;<\/p>\n<p>[\/et_pb_text][\/et_pb_column][\/et_pb_row][et_pb_row column_structure=&#8220;1_3,1_3,1_3&#8243; _builder_version=&#8220;3.27.4&#8243;][et_pb_column type=&#8220;1_3&#8243; _builder_version=&#8220;3.27.4&#8243;][\/et_pb_column][et_pb_column type=&#8220;1_3&#8243; _builder_version=&#8220;3.27.4&#8243;][et_pb_text _builder_version=&#8220;4.4.7&#8243; hover_enabled=&#8220;0&#8243;]<\/p>\n<p style=\"text-align: center;\"><a href=\"https:\/\/neve.at\/loek\/?page_id=2706\"><strong>&lt;&lt; Seitenanfang &gt;&gt;<\/strong><\/a><\/p>\n<p>[\/et_pb_text][\/et_pb_column][et_pb_column type=&#8220;1_3&#8243; _builder_version=&#8220;3.27.4&#8243;][\/et_pb_column][\/et_pb_row][\/et_pb_section]<\/p>\n","protected":false},"excerpt":{"rendered":"<p>Energie &#8211; Wirtschaft &#8211; Umwelt &#8211; Klima &#8211; Migration &nbsp; Bei allen Diskussionen \u00fcber Wirtschaftskrise, Energiekrise, Klimawandel oder Migration wird von Politiker, Wissenschaftler und \u00d6konomen fast immer (bewusst?) ignoriert, dass diese Bereiche durch positive und negative R\u00fcckkopplungen untrennbar miteinander verbunden sind. Mehr Wirtschaftswachstum braucht zwangsl\u00e4ufig mehr Energie, wodurch Umwelt- und Klimabelastung zunehmen. Aber, bei vielen [&hellip;]<\/p>\n","protected":false},"author":1,"featured_media":0,"parent":0,"menu_order":0,"comment_status":"closed","ping_status":"closed","template":"","meta":{"_et_pb_use_builder":"on","_et_pb_old_content":"","_et_gb_content_width":"","footnotes":""},"class_list":["post-2706","page","type-page","status-publish","hentry"],"_links":{"self":[{"href":"https:\/\/neve.at\/loek\/wp-json\/wp\/v2\/pages\/2706"}],"collection":[{"href":"https:\/\/neve.at\/loek\/wp-json\/wp\/v2\/pages"}],"about":[{"href":"https:\/\/neve.at\/loek\/wp-json\/wp\/v2\/types\/page"}],"author":[{"embeddable":true,"href":"https:\/\/neve.at\/loek\/wp-json\/wp\/v2\/users\/1"}],"replies":[{"embeddable":true,"href":"https:\/\/neve.at\/loek\/wp-json\/wp\/v2\/comments?post=2706"}],"version-history":[{"count":31,"href":"https:\/\/neve.at\/loek\/wp-json\/wp\/v2\/pages\/2706\/revisions"}],"predecessor-version":[{"id":4786,"href":"https:\/\/neve.at\/loek\/wp-json\/wp\/v2\/pages\/2706\/revisions\/4786"}],"wp:attachment":[{"href":"https:\/\/neve.at\/loek\/wp-json\/wp\/v2\/media?parent=2706"}],"curies":[{"name":"wp","href":"https:\/\/api.w.org\/{rel}","templated":true}]}}