{"id":2075,"date":"2017-11-28T18:18:22","date_gmt":"2017-11-28T17:18:22","guid":{"rendered":"http:\/\/www.neve.at\/loek\/?page_id=2075"},"modified":"2020-05-27T21:50:14","modified_gmt":"2020-05-27T20:50:14","slug":"laender","status":"publish","type":"page","link":"https:\/\/neve.at\/loek\/reisen\/laender\/","title":{"rendered":"L\u00e4nder"},"content":{"rendered":"<p>[et_pb_section fb_built=&#8220;1&#8243; _builder_version=&#8220;4.3.2&#8243; custom_margin=&#8220;0px||0px||true|false&#8220; custom_padding=&#8220;0px||||false|false&#8220;][et_pb_row _builder_version=&#8220;3.25&#8243;][et_pb_column type=&#8220;4_4&#8243; _builder_version=&#8220;3.25&#8243; custom_padding=&#8220;|||&#8220; custom_padding__hover=&#8220;|||&#8220;][et_pb_image src=&#8220;http:\/\/www.neve.at\/loek\/wp-content\/uploads\/2020\/04\/639A8499.jpg&#8220; _builder_version=&#8220;4.4.3&#8243;][\/et_pb_image][\/et_pb_column][\/et_pb_row][et_pb_row _builder_version=&#8220;3.25&#8243;][et_pb_column type=&#8220;4_4&#8243; _builder_version=&#8220;3.25&#8243; custom_padding=&#8220;|||&#8220; custom_padding__hover=&#8220;|||&#8220;][et_pb_text admin_label=&#8220;Text L\u00e4nder&#8220; _builder_version=&#8220;3.27.4&#8243; background_size=&#8220;initial&#8220; background_position=&#8220;top_left&#8220; background_repeat=&#8220;repeat&#8220;]<\/p>\n<h3 style=\"text-align: center;\">L\u00e4nderreisen mit und ohne Wohnmobil<\/h3>\n<p>&nbsp;<\/p>\n<p>Auf diesen Seiten pr\u00e4sentiere ich unsere besten Bilder aus den vielen L\u00e4nderreisen die wir in den letzten Jahren mit oder ohne Wohnmobil unternommen haben. Ob Spanien, Portugal oder Schweden und Schottland, Irland und Frankreich, ob Thailand, Karibik oder Afrika, beim betrachten der Bilder werden Erinnerungen an wundersch\u00f6ne Landschaften und interessante Begegnungen immer wieder lebendig.<\/p>\n<p>[\/et_pb_text][\/et_pb_column][\/et_pb_row][et_pb_row column_structure=&#8220;1_3,1_3,1_3&#8243; _builder_version=&#8220;4.3.2&#8243;][et_pb_column type=&#8220;1_3&#8243; _builder_version=&#8220;4.3.2&#8243;][et_pb_text _builder_version=&#8220;4.4.7&#8243; custom_padding=&#8220;10px|10px|10px|10px|true|true&#8220; animation_style=&#8220;fade&#8220; link_option_url=&#8220;\/loek\/?page_id=2461&#8243; border_radii=&#8220;on|10px|10px|10px|10px&#8220; border_width_all=&#8220;1px&#8220; border_color_all=&#8220;#dddddd&#8220; background__hover_enabled=&#8220;on|hover&#8220; background_color__hover=&#8220;#dddddd&#8220; background_enable_color__hover=&#8220;on&#8220; content__hover_enabled=&#8220;on|hover&#8220; content__hover=&#8220;<\/p>\n<h4><img src=%22http:\/\/www.neve.at\/loek\/wp-content\/uploads\/2018\/10\/639A9446-1.jpg%22 width=%225406%22 height=%223041%22 alt=%22%22 class=%22wp-image-2584 alignnone size-full%22 \/><\/h4>\n<h4><\/h4>\n<h4 style=%22text-align: center;%22>2016 Camperreise Irland<\/h4>\n<p>&#8220; border_radii__hover_enabled=&#8220;on|hover&#8220; border_radii__hover=&#8220;on||||&#8220; border_width_all__hover_enabled=&#8220;on|hover&#8220; border_width_all__hover=&#8220;10px&#8220; custom_padding__hover_enabled=&#8220;on|hover&#8220; custom_padding__hover=&#8220;||0px||false|true&#8220;]<\/p>\n<h4 style=\"text-align: center;\"><img loading=\"lazy\" decoding=\"async\" src=\"https:\/\/neve.at\/loek\/wp-content\/uploads\/2018\/10\/639A9446-1.jpg\" width=\"5406\" height=\"3041\" alt=\"\" class=\"wp-image-2584 alignnone size-full\" srcset=\"https:\/\/neve.at\/loek\/wp-content\/uploads\/2018\/10\/639A9446-1.jpg 5406w, https:\/\/neve.at\/loek\/wp-content\/uploads\/2018\/10\/639A9446-1-300x169.jpg 300w, https:\/\/neve.at\/loek\/wp-content\/uploads\/2018\/10\/639A9446-1-768x432.jpg 768w, https:\/\/neve.at\/loek\/wp-content\/uploads\/2018\/10\/639A9446-1-1920x1080.jpg 1920w, https:\/\/neve.at\/loek\/wp-content\/uploads\/2018\/10\/639A9446-1-1080x608.jpg 1080w\" sizes=\"(max-width: 5406px) 100vw, 5406px\" \/><\/h4>\n<h4 style=\"text-align: center;\"><\/h4>\n<h4 style=\"text-align: center;\">2016 Camperreise Irland<\/h4>\n<p>[\/et_pb_text][\/et_pb_column][et_pb_column type=&#8220;1_3&#8243; _builder_version=&#8220;4.3.2&#8243;][et_pb_text _builder_version=&#8220;4.4.7&#8243; custom_padding=&#8220;10px|10px|10px|10px|true|true&#8220; animation_style=&#8220;fade&#8220; link_option_url=&#8220;\/loek\/?page_id=4194&#8243; border_radii=&#8220;on|10px|10px|10px|10px&#8220; border_width_all=&#8220;1px&#8220; border_color_all=&#8220;#dddddd&#8220; background__hover_enabled=&#8220;on|hover&#8220; background_color__hover=&#8220;#dddddd&#8220; background_enable_color__hover=&#8220;on&#8220; border_radii__hover_enabled=&#8220;on|hover&#8220; border_width_all__hover_enabled=&#8220;on|hover&#8220; border_width_all__hover=&#8220;10px&#8220; custom_padding__hover_enabled=&#8220;on|hover&#8220; custom_padding__hover=&#8220;||0px||false|true&#8220;]<\/p>\n<h4 style=\"text-align: center;\"><img loading=\"lazy\" decoding=\"async\" src=\"https:\/\/neve.at\/loek\/wp-content\/uploads\/2020\/03\/IMG_0242.jpg\" width=\"1920\" height=\"1080\" alt=\"\" class=\"wp-image-3834 alignnone size-full\" srcset=\"https:\/\/neve.at\/loek\/wp-content\/uploads\/2020\/03\/IMG_0242.jpg 1920w, https:\/\/neve.at\/loek\/wp-content\/uploads\/2020\/03\/IMG_0242-1280x720.jpg 1280w, https:\/\/neve.at\/loek\/wp-content\/uploads\/2020\/03\/IMG_0242-980x551.jpg 980w, https:\/\/neve.at\/loek\/wp-content\/uploads\/2020\/03\/IMG_0242-480x270.jpg 480w\" sizes=\"(min-width: 0px) and (max-width: 480px) 480px, (min-width: 481px) and (max-width: 980px) 980px, (min-width: 981px) and (max-width: 1280px) 1280px, (min-width: 1281px) 1920px, 100vw\" \/><\/h4>\n<h4 style=\"text-align: center;\"><\/h4>\n<h4 style=\"text-align: center;\">2010 Camperreise Schottland<\/h4>\n<p>[\/et_pb_text][\/et_pb_column][et_pb_column type=&#8220;1_3&#8243; _builder_version=&#8220;4.3.2&#8243;][et_pb_text _builder_version=&#8220;4.4.7&#8243; custom_padding=&#8220;10px|10px|10px|10px|true|true&#8220; animation_style=&#8220;fade&#8220; link_option_url=&#8220;\/loek\/?page_id=2105&#8243; border_radii=&#8220;on|10px|10px|10px|10px&#8220; border_width_all=&#8220;1px&#8220; border_color_all=&#8220;#dddddd&#8220; background__hover_enabled=&#8220;on|hover&#8220; background_color__hover=&#8220;#dddddd&#8220; background_enable_color__hover=&#8220;on&#8220; border_radii__hover_enabled=&#8220;on|hover&#8220; border_width_all__hover_enabled=&#8220;on|hover&#8220; border_width_all__hover=&#8220;10px&#8220; custom_padding__hover_enabled=&#8220;on|hover&#8220; custom_padding__hover=&#8220;||0px||false|true&#8220;]<\/p>\n<h4 style=\"text-align: center;\"><img loading=\"lazy\" decoding=\"async\" src=\"https:\/\/neve.at\/loek\/wp-content\/uploads\/2017\/11\/IMG_0084-90.jpg\" width=\"1920\" height=\"1080\" alt=\"\" class=\"wp-image-2076 alignnone size-full\" srcset=\"https:\/\/neve.at\/loek\/wp-content\/uploads\/2017\/11\/IMG_0084-90.jpg 1920w, https:\/\/neve.at\/loek\/wp-content\/uploads\/2017\/11\/IMG_0084-90-300x169.jpg 300w, https:\/\/neve.at\/loek\/wp-content\/uploads\/2017\/11\/IMG_0084-90-768x432.jpg 768w, https:\/\/neve.at\/loek\/wp-content\/uploads\/2017\/11\/IMG_0084-90-1080x608.jpg 1080w\" sizes=\"(max-width: 1920px) 100vw, 1920px\" \/><\/h4>\n<h4 style=\"text-align: center;\"><\/h4>\n<h4 style=\"text-align: center;\">2007 Dominikanische Republik<\/h4>\n<p>[\/et_pb_text][\/et_pb_column][\/et_pb_row][et_pb_row column_structure=&#8220;1_3,1_3,1_3&#8243; _builder_version=&#8220;4.3.2&#8243;][et_pb_column type=&#8220;1_3&#8243; _builder_version=&#8220;4.3.2&#8243;][et_pb_text _builder_version=&#8220;4.4.7&#8243; custom_padding=&#8220;10px|10px|10px|10px|true|true&#8220; animation_style=&#8220;fade&#8220; link_option_url=&#8220;\/loek\/?page_id=3497&#8243; border_radii=&#8220;on|10px|10px|10px|10px&#8220; border_width_all=&#8220;1px&#8220; border_color_all=&#8220;#dddddd&#8220; background__hover_enabled=&#8220;on|hover&#8220; background_color__hover=&#8220;#dddddd&#8220; background_enable_color__hover=&#8220;on&#8220; border_radii__hover_enabled=&#8220;on|hover&#8220; border_width_all__hover_enabled=&#8220;on|hover&#8220; border_width_all__hover=&#8220;10px&#8220; custom_padding__hover_enabled=&#8220;on|hover&#8220; custom_padding__hover=&#8220;||0px||false|true&#8220;]<\/p>\n<h4 style=\"text-align: center;\"><img loading=\"lazy\" decoding=\"async\" src=\"https:\/\/neve.at\/loek\/wp-content\/uploads\/2020\/02\/IMG_0501.jpg\" width=\"1920\" height=\"1080\" alt=\"\" class=\"wp-image-3464 alignnone size-full\" srcset=\"https:\/\/neve.at\/loek\/wp-content\/uploads\/2020\/02\/IMG_0501.jpg 1920w, https:\/\/neve.at\/loek\/wp-content\/uploads\/2020\/02\/IMG_0501-1280x720.jpg 1280w, https:\/\/neve.at\/loek\/wp-content\/uploads\/2020\/02\/IMG_0501-980x551.jpg 980w, https:\/\/neve.at\/loek\/wp-content\/uploads\/2020\/02\/IMG_0501-480x270.jpg 480w\" sizes=\"(min-width: 0px) and (max-width: 480px) 480px, (min-width: 481px) and (max-width: 980px) 980px, (min-width: 981px) and (max-width: 1280px) 1280px, (min-width: 1281px) 1920px, 100vw\" \/><\/h4>\n<h4 style=\"text-align: center;\"><\/h4>\n<h4 style=\"text-align: center;\">2007 Camperreise Italien<\/h4>\n<p>[\/et_pb_text][\/et_pb_column][et_pb_column type=&#8220;1_3&#8243; _builder_version=&#8220;4.3.2&#8243;][et_pb_text _builder_version=&#8220;4.4.7&#8243; custom_padding=&#8220;10px|10px|10px|10px|true|true&#8220; animation_style=&#8220;fade&#8220; link_option_url=&#8220;\/loek\/?page_id=3941&#8243; border_radii=&#8220;on|10px|10px|10px|10px&#8220; border_width_all=&#8220;1px&#8220; border_color_all=&#8220;#dddddd&#8220; background__hover_enabled=&#8220;on|hover&#8220; background_color__hover=&#8220;#dddddd&#8220; background_enable_color__hover=&#8220;on&#8220; border_radii__hover_enabled=&#8220;on|hover&#8220; border_width_all__hover_enabled=&#8220;on|hover&#8220; border_width_all__hover=&#8220;10px&#8220; custom_padding__hover_enabled=&#8220;on|hover&#8220; custom_padding__hover=&#8220;||0px||false|true&#8220;]<\/p>\n<h4 style=\"text-align: center;\"><img loading=\"lazy\" decoding=\"async\" src=\"https:\/\/neve.at\/loek\/wp-content\/uploads\/2020\/03\/DSCN2106.jpg\" width=\"1920\" height=\"1080\" alt=\"\" class=\"wp-image-3919 alignnone size-full\" srcset=\"https:\/\/neve.at\/loek\/wp-content\/uploads\/2020\/03\/DSCN2106.jpg 1920w, https:\/\/neve.at\/loek\/wp-content\/uploads\/2020\/03\/DSCN2106-1280x720.jpg 1280w, https:\/\/neve.at\/loek\/wp-content\/uploads\/2020\/03\/DSCN2106-980x551.jpg 980w, https:\/\/neve.at\/loek\/wp-content\/uploads\/2020\/03\/DSCN2106-480x270.jpg 480w\" sizes=\"(min-width: 0px) and (max-width: 480px) 480px, (min-width: 481px) and (max-width: 980px) 980px, (min-width: 981px) and (max-width: 1280px) 1280px, (min-width: 1281px) 1920px, 100vw\" \/><\/h4>\n<h4 style=\"text-align: center;\"><\/h4>\n<h4 style=\"text-align: center;\">2004 Camperreise Norwegen<\/h4>\n<p>[\/et_pb_text][\/et_pb_column][et_pb_column type=&#8220;1_3&#8243; _builder_version=&#8220;4.3.2&#8243;][\/et_pb_column][\/et_pb_row][et_pb_row column_structure=&#8220;1_3,1_3,1_3&#8243; _builder_version=&#8220;3.27.4&#8243;][et_pb_column type=&#8220;1_3&#8243; _builder_version=&#8220;3.27.4&#8243;][\/et_pb_column][et_pb_column type=&#8220;1_3&#8243; _builder_version=&#8220;3.27.4&#8243;][et_pb_text _builder_version=&#8220;4.4.7&#8243; hover_enabled=&#8220;0&#8243;]<\/p>\n<p style=\"text-align: center;\"><a href=\"\/loek\/?page_id=4260\"><strong>&lt;&lt; Portfolio Reisen &gt;&gt;<\/strong><\/a><\/p>\n<p>[\/et_pb_text][\/et_pb_column][et_pb_column type=&#8220;1_3&#8243; _builder_version=&#8220;3.27.4&#8243;][\/et_pb_column][\/et_pb_row][\/et_pb_section]<\/p>\n","protected":false},"excerpt":{"rendered":"<p>L\u00e4nderreisen mit und ohne Wohnmobil &nbsp; Auf diesen Seiten pr\u00e4sentiere ich unsere besten Bilder aus den vielen L\u00e4nderreisen die wir in den letzten Jahren mit oder ohne Wohnmobil unternommen haben. Ob Spanien, Portugal oder Schweden und Schottland, Irland und Frankreich, ob Thailand, Karibik oder Afrika, beim betrachten der Bilder werden Erinnerungen an wundersch\u00f6ne Landschaften und [&hellip;]<\/p>\n","protected":false},"author":1,"featured_media":0,"parent":4260,"menu_order":0,"comment_status":"closed","ping_status":"closed","template":"","meta":{"_et_pb_use_builder":"on","_et_pb_old_content":"","_et_gb_content_width":"","footnotes":""},"class_list":["post-2075","page","type-page","status-publish","hentry"],"_links":{"self":[{"href":"https:\/\/neve.at\/loek\/wp-json\/wp\/v2\/pages\/2075"}],"collection":[{"href":"https:\/\/neve.at\/loek\/wp-json\/wp\/v2\/pages"}],"about":[{"href":"https:\/\/neve.at\/loek\/wp-json\/wp\/v2\/types\/page"}],"author":[{"embeddable":true,"href":"https:\/\/neve.at\/loek\/wp-json\/wp\/v2\/users\/1"}],"replies":[{"embeddable":true,"href":"https:\/\/neve.at\/loek\/wp-json\/wp\/v2\/comments?post=2075"}],"version-history":[{"count":55,"href":"https:\/\/neve.at\/loek\/wp-json\/wp\/v2\/pages\/2075\/revisions"}],"predecessor-version":[{"id":4812,"href":"https:\/\/neve.at\/loek\/wp-json\/wp\/v2\/pages\/2075\/revisions\/4812"}],"up":[{"embeddable":true,"href":"https:\/\/neve.at\/loek\/wp-json\/wp\/v2\/pages\/4260"}],"wp:attachment":[{"href":"https:\/\/neve.at\/loek\/wp-json\/wp\/v2\/media?parent=2075"}],"curies":[{"name":"wp","href":"https:\/\/api.w.org\/{rel}","templated":true}]}}