{"id":1140,"date":"2014-12-18T14:20:12","date_gmt":"2014-12-18T13:20:12","guid":{"rendered":"http:\/\/www.neve.at\/loek\/?page_id=1140"},"modified":"2023-05-12T17:15:16","modified_gmt":"2023-05-12T16:15:16","slug":"meine-person","status":"publish","type":"page","link":"https:\/\/neve.at\/loek\/","title":{"rendered":"Meine Person"},"content":{"rendered":"<p>[et_pb_section fb_built=&#8220;1&#8243; _builder_version=&#8220;4.15&#8243; global_colors_info=&#8220;{}&#8220;][et_pb_row column_structure=&#8220;1_3,2_3&#8243; _builder_version=&#8220;4.15&#8243; background_size=&#8220;initial&#8220; background_position=&#8220;top_left&#8220; background_repeat=&#8220;repeat&#8220; global_colors_info=&#8220;{}&#8220;][et_pb_column type=&#8220;1_3&#8243; _builder_version=&#8220;4.15&#8243; custom_padding=&#8220;|||&#8220; global_colors_info=&#8220;{}&#8220; custom_padding__hover=&#8220;|||&#8220;][et_pb_image src=&#8220;http:\/\/www.neve.at\/loek\/wp-content\/uploads\/2011\/01\/IMG_4603.jpg&#8220; align_tablet=&#8220;center&#8220; align_phone=&#8220;&#8220; align_last_edited=&#8220;on|desktop&#8220; admin_label=&#8220;Image&#8220; _builder_version=&#8220;4.15&#8243; animation_style=&#8220;slide&#8220; animation_direction=&#8220;left&#8220; animation_duration=&#8220;500ms&#8220; animation_intensity_slide=&#8220;10%&#8220; animation=&#8220;left&#8220; sticky=&#8220;off&#8220; global_colors_info=&#8220;{}&#8220;][\/et_pb_image][\/et_pb_column][et_pb_column type=&#8220;2_3&#8243; _builder_version=&#8220;4.15&#8243; custom_padding=&#8220;|||&#8220; global_colors_info=&#8220;{}&#8220; custom_padding__hover=&#8220;|||&#8220;][et_pb_text _builder_version=&#8220;4.15&#8243; background_size=&#8220;initial&#8220; background_position=&#8220;top_left&#8220; background_repeat=&#8220;repeat&#8220; global_colors_info=&#8220;{}&#8220;]<\/p>\n<p>Laut meiner Geburtsurkunde hei\u00dfe ich:<\/p>\n<h4>Gerardus Lodevicus Willibrordus Neve.<\/h4>\n<p>aber meine Eltern gaben mir &#8222;<span style=\"color: #999999;\">Gott-sei-gelobt&#8220;<\/span> den Rufnamen<\/p>\n<h4>Loek<\/h4>\n<p>mit auf meinen Lebensweg.<\/p>\n<p>Zwischen meiner Geburt vor mittlerweile mehr als 80 Jahren in den Niederlanden und meiner Niederlassung in den Vorarlberger Alpen in \u00d6sterreich vor jetzt mehr als 25 Jahre, erlebte ich ein interessantes Berufsleben als metallurgischer Diplom-Ingenieur (FH), spezialisiert in der W\u00e4rmebehandlung von Luft- und Raumfahrtlegierungen. Viele Berufsreisen f\u00fcr Firmen in den Niederlanden, Deutschland, \u00d6sterreich und Belgien f\u00fchrten mich quer durch West- und Osteuropa und mehrmals in die Vereinigten Staaten und nach Japan.<\/p>\n<p>[\/et_pb_text][\/et_pb_column][\/et_pb_row][et_pb_row _builder_version=&#8220;4.15&#8243; background_size=&#8220;initial&#8220; background_position=&#8220;top_left&#8220; background_repeat=&#8220;repeat&#8220; global_colors_info=&#8220;{}&#8220;][et_pb_column type=&#8220;4_4&#8243; _builder_version=&#8220;4.15&#8243; custom_padding=&#8220;|||&#8220; global_colors_info=&#8220;{}&#8220; custom_padding__hover=&#8220;|||&#8220;][et_pb_text _builder_version=&#8220;4.15&#8243; background_size=&#8220;initial&#8220; background_position=&#8220;top_left&#8220; background_repeat=&#8220;repeat&#8220; custom_padding=&#8220;||2px|||&#8220; global_colors_info=&#8220;{}&#8220;]<\/p>\n<p>Auf meinen verschiedenen Homepageseiten zeige ich &#8211; unverbindlich und unvollst\u00e4ndig &#8211; eine kleine Auswahl aus meinen jetzigen Interessenfeldern:<\/p>\n<p>[\/et_pb_text][\/et_pb_column][\/et_pb_row][et_pb_row column_structure=&#8220;1_2,1_2&#8243; padding_top_bottom_link_1=&#8220;true&#8220; _builder_version=&#8220;4.15.1&#8243; background_color=&#8220;#d3d3d3&#8243; custom_margin=&#8220;40px||100px|&#8220; custom_padding=&#8220;0px||0px&#8220; link_option_url=&#8220;www.neve.at\/loek\/fotosessions&#8220; box_shadow_style=&#8220;preset2&#8243; use_custom_width=&#8220;on&#8220; global_colors_info=&#8220;{}&#8220; background__hover_enabled=&#8220;on|hover&#8220; background_color__hover=&#8220;#ffffff&#8220; background_enable_color__hover=&#8220;on&#8220;][et_pb_column type=&#8220;1_2&#8243; _builder_version=&#8220;4.15&#8243; custom_padding=&#8220;0px||0px|&#8220; global_colors_info=&#8220;{}&#8220; custom_padding__hover=&#8220;|||&#8220;][et_pb_image src=&#8220;http:\/\/www.neve.at\/loek\/wp-content\/uploads\/2014\/12\/20140917-10.jpg&#8220; show_in_lightbox=&#8220;on&#8220; use_overlay=&#8220;on&#8220; overlay_icon_color=&#8220;#FFFFFF&#8220; hover_overlay_color=&#8220;rgba(0,0,0,0)&#8220; hover_icon=&#8220;&#x50;||divi||400&#8243; show_bottom_space=&#8220;off&#8220; force_fullwidth=&#8220;on&#8220; align_tablet=&#8220;center&#8220; align_phone=&#8220;&#8220; align_last_edited=&#8220;on|desktop&#8220; admin_label=&#8220;Image&#8220; _builder_version=&#8220;4.15&#8243; custom_margin=&#8220;-40px||-40px&#8220; animation_style=&#8220;slide&#8220; animation_direction=&#8220;left&#8220; animation_duration=&#8220;500ms&#8220; animation_intensity_slide=&#8220;10%&#8220; global_colors_info=&#8220;{}&#8220;][\/et_pb_image][\/et_pb_column][et_pb_column type=&#8220;1_2&#8243; _builder_version=&#8220;4.15&#8243; custom_padding=&#8220;|||&#8220; global_colors_info=&#8220;{}&#8220; custom_padding__hover=&#8220;|||&#8220;][et_pb_text _builder_version=&#8220;4.15&#8243; background_size=&#8220;initial&#8220; background_position=&#8220;top_left&#8220; background_repeat=&#8220;repeat&#8220; max_width=&#8220;95%&#8220; module_alignment=&#8220;left&#8220; custom_padding=&#8220;40px||0px||false&#8220; global_colors_info=&#8220;{}&#8220;]<\/p>\n<h4>DIE DIGITALE FOTOGRAFIE<\/h4>\n<p>Auf diesen Seiten zeige ich u.a. meine Portfolios der letzten Jahre. Seit 2009 fotografiere ich ausschlie\u00dflich im RAW-Format und organisiere und bearbeite meine Bilder haupts\u00e4chlich mit Lightroom und Photoshop.<\/p>\n<p>[\/et_pb_text][\/et_pb_column][\/et_pb_row][et_pb_row column_structure=&#8220;1_2,1_2&#8243; _builder_version=&#8220;4.15&#8243; background_color=&#8220;#d3d3d3&#8243; background_size=&#8220;initial&#8220; background_position=&#8220;top_left&#8220; background_repeat=&#8220;repeat&#8220; custom_margin=&#8220;50px||100px&#8220; custom_padding=&#8220;0px||0px&#8220; link_option_url=&#8220;www.neve.at\/loek\/?page_id=2706&#8243; box_shadow_style=&#8220;preset2&#8243; global_colors_info=&#8220;{}&#8220; background__hover_enabled=&#8220;on|hover&#8220; background_color__hover=&#8220;#ffffff&#8220; background_enable_color__hover=&#8220;on&#8220;][et_pb_column type=&#8220;1_2&#8243; _builder_version=&#8220;4.15&#8243; custom_padding=&#8220;|||&#8220; global_colors_info=&#8220;{}&#8220; custom_padding__hover=&#8220;|||&#8220;][et_pb_text _builder_version=&#8220;4.15&#8243; text_font=&#8220;||||||||&#8220; custom_margin=&#8220;||||false&#8220; custom_padding=&#8220;40px||1px|30px|false|&#8220; global_colors_info=&#8220;{}&#8220;]<\/p>\n<h4>DAS ENDE DES WACHSTUMS &#8211; The Party Is Over<\/h4>\n<p>Jeder Mensch mit Hausverstand sollte wissen, dass ein ewiges Wachstum auf einem endlichen Planeten unm\u00f6glich ist. Auf meinen Blogseiten befinden sich einige bescheidene Gedanken zu dieser Thematik.<\/p>\n<p>[\/et_pb_text][\/et_pb_column][et_pb_column type=&#8220;1_2&#8243; _builder_version=&#8220;4.15&#8243; custom_padding=&#8220;|||&#8220; global_colors_info=&#8220;{}&#8220; custom_padding__hover=&#8220;|||&#8220;][et_pb_image src=&#8220;http:\/\/www.neve.at\/loek\/wp-content\/uploads\/2014\/12\/Deep-Horizon-16-9.jpg&#8220; show_in_lightbox=&#8220;on&#8220; use_overlay=&#8220;on&#8220; overlay_icon_color=&#8220;#FFFFFF&#8220; hover_overlay_color=&#8220;rgba(0,0,0,0)&#8220; hover_icon=&#8220;&#x50;||divi||400&#8243; show_bottom_space=&#8220;off&#8220; align_tablet=&#8220;center&#8220; align_phone=&#8220;&#8220; align_last_edited=&#8220;on|desktop&#8220; admin_label=&#8220;Image&#8220; _builder_version=&#8220;4.15&#8243; custom_margin=&#8220;-40px||-40px||true&#8220; custom_padding=&#8220;0px||0px&#8220; animation_style=&#8220;slide&#8220; animation_direction=&#8220;left&#8220; animation_duration=&#8220;500ms&#8220; animation_intensity_slide=&#8220;10%&#8220; global_colors_info=&#8220;{}&#8220;][\/et_pb_image][\/et_pb_column][\/et_pb_row][\/et_pb_section]<\/p>\n","protected":false},"excerpt":{"rendered":"<p>Laut meiner Geburtsurkunde hei\u00dfe ich: Gerardus Lodevicus Willibrordus Neve. aber meine Eltern gaben mir &#8222;Gott-sei-gelobt&#8220; den Rufnamen Loek mit auf meinen Lebensweg. Zwischen meiner Geburt vor mittlerweile mehr als 80 Jahren in den Niederlanden und meiner Niederlassung in den Vorarlberger Alpen in \u00d6sterreich vor jetzt mehr als 25 Jahre, erlebte ich ein interessantes Berufsleben als [&hellip;]<\/p>\n","protected":false},"author":1,"featured_media":0,"parent":0,"menu_order":0,"comment_status":"open","ping_status":"open","template":"","meta":{"_et_pb_use_builder":"on","_et_pb_old_content":"","_et_gb_content_width":"","footnotes":""},"class_list":["post-1140","page","type-page","status-publish","hentry"],"_links":{"self":[{"href":"https:\/\/neve.at\/loek\/wp-json\/wp\/v2\/pages\/1140"}],"collection":[{"href":"https:\/\/neve.at\/loek\/wp-json\/wp\/v2\/pages"}],"about":[{"href":"https:\/\/neve.at\/loek\/wp-json\/wp\/v2\/types\/page"}],"author":[{"embeddable":true,"href":"https:\/\/neve.at\/loek\/wp-json\/wp\/v2\/users\/1"}],"replies":[{"embeddable":true,"href":"https:\/\/neve.at\/loek\/wp-json\/wp\/v2\/comments?post=1140"}],"version-history":[{"count":66,"href":"https:\/\/neve.at\/loek\/wp-json\/wp\/v2\/pages\/1140\/revisions"}],"predecessor-version":[{"id":5112,"href":"https:\/\/neve.at\/loek\/wp-json\/wp\/v2\/pages\/1140\/revisions\/5112"}],"wp:attachment":[{"href":"https:\/\/neve.at\/loek\/wp-json\/wp\/v2\/media?parent=1140"}],"curies":[{"name":"wp","href":"https:\/\/api.w.org\/{rel}","templated":true}]}}